{"id":133,"date":"2026-02-19T16:01:16","date_gmt":"2026-02-19T15:01:16","guid":{"rendered":"https:\/\/qovop-events.fr\/?page_id=133"},"modified":"2026-02-19T16:01:17","modified_gmt":"2026-02-19T15:01:17","slug":"agence-evenementielle-aix-en-provence-evenements-corporate-roi","status":"publish","type":"page","link":"https:\/\/qovop-events.fr\/index.php\/agence-evenementielle-aix-en-provence-evenements-corporate-roi\/","title":{"rendered":"Agence \u00c9v\u00e9nementielle Aix-en-Provence | \u00c9v\u00e9nements Corporate &amp; ROI"},"content":{"rendered":"\n<div class=\"wp-block-group alignfull has-accent-2-background-color has-background has-global-padding is-layout-constrained wp-container-core-group-is-layout-669513ed wp-block-group-is-layout-constrained\" style=\"margin-top:0;margin-bottom:0;padding-top:var(--wp--preset--spacing--50);padding-right:var(--wp--preset--spacing--50);padding-bottom:var(--wp--preset--spacing--50);padding-left:var(--wp--preset--spacing--50)\">\n<div class=\"wp-block-columns alignwide is-layout-flex wp-container-core-columns-is-layout-28f84493 wp-block-columns-is-layout-flex\">\n<div class=\"wp-block-column is-layout-flow wp-block-column-is-layout-flow\" style=\"flex-basis:40%\">\n<h2 class=\"wp-block-heading\">Expert en organisation d&rsquo;\u00e9v\u00e9nements d&rsquo;entreprise \u00e0 Aix-en-Provence. S\u00e9minaires, lancements de produits et r\u00e9gie technique. Qovop Events : la performance au service de votre marque.<\/h2>\n<\/div>\n\n\n\n<div class=\"wp-block-column is-layout-flow wp-block-column-is-layout-flow\" style=\"flex-basis:60%\">\n<p>Vous recherchez une&nbsp;<strong>agence \u00e9v\u00e9nementielle \u00e0 Aix-en-Provence<\/strong>&nbsp;capable de conjuguer prestige et rigueur logistique ? Qovop Events accompagne les entreprises aixoises dans la cr\u00e9ation d&rsquo;\u00e9v\u00e9nements \u00e0 forte valeur ajout\u00e9e.<\/p>\n\n\n\n<p>Que ce soit pour un&nbsp;<strong>s\u00e9minaire au c\u0153ur des domaines viticoles du Pays d&rsquo;Aix<\/strong>, une soir\u00e9e de gala ou un lancement de produit dans la zone de la Duranne, nous mettons notre expertise de terrain \u00e0 votre service. Contrairement aux agences classiques, nous int\u00e9grons une dimension marketing forte : chaque \u00e9v\u00e9nement est con\u00e7u pour maximiser votre visibilit\u00e9 et collecter des donn\u00e9es qualifi\u00e9es. Profitez d&rsquo;une r\u00e9gie technique interne pour une ex\u00e9cution parfaite de vos projets les plus ambitieux.<\/p>\n<\/div>\n<\/div>\n\n\n\n<div style=\"height:var(--wp--preset--spacing--40)\" aria-hidden=\"true\" class=\"wp-block-spacer\"><\/div>\n\n\n\n<figure class=\"wp-block-image alignwide size-full is-style-rounded is-style-rounded--1\"><img loading=\"lazy\" decoding=\"async\" width=\"1024\" height=\"1024\" src=\"https:\/\/qovop-events.fr\/wp-content\/uploads\/2026\/02\/organisation-evenement-entreprise-terrasse-vue-sainte-victoire-aix-en-provence.png\" alt=\"\" class=\"wp-image-134\" srcset=\"https:\/\/qovop-events.fr\/wp-content\/uploads\/2026\/02\/organisation-evenement-entreprise-terrasse-vue-sainte-victoire-aix-en-provence.png 1024w, https:\/\/qovop-events.fr\/wp-content\/uploads\/2026\/02\/organisation-evenement-entreprise-terrasse-vue-sainte-victoire-aix-en-provence-300x300.png 300w, https:\/\/qovop-events.fr\/wp-content\/uploads\/2026\/02\/organisation-evenement-entreprise-terrasse-vue-sainte-victoire-aix-en-provence-150x150.png 150w, https:\/\/qovop-events.fr\/wp-content\/uploads\/2026\/02\/organisation-evenement-entreprise-terrasse-vue-sainte-victoire-aix-en-provence-768x768.png 768w\" sizes=\"auto, (max-width: 1024px) 100vw, 1024px\" \/><\/figure>\n<\/div>\n","protected":false},"excerpt":{"rendered":"<p>Expert en organisation d&rsquo;\u00e9v\u00e9nements d&rsquo;entreprise \u00e0 Aix-en-Provence. S\u00e9minaires, lancements de produits et r\u00e9gie technique. Qovop Events : la performance au service de votre marque. Vous recherchez une&nbsp;agence \u00e9v\u00e9nementielle \u00e0 Aix-en-Provence&nbsp;capable de conjuguer prestige et rigueur logistique ? Qovop Events accompagne les entreprises aixoises dans la cr\u00e9ation d&rsquo;\u00e9v\u00e9nements \u00e0 forte valeur ajout\u00e9e. Que ce soit pour [&hellip;]<\/p>\n","protected":false},"author":1,"featured_media":0,"parent":0,"menu_order":0,"comment_status":"closed","ping_status":"closed","template":"","meta":{"footnotes":""},"class_list":["post-133","page","type-page","status-publish","hentry"],"_links":{"self":[{"href":"https:\/\/qovop-events.fr\/index.php\/wp-json\/wp\/v2\/pages\/133","targetHints":{"allow":["GET"]}}],"collection":[{"href":"https:\/\/qovop-events.fr\/index.php\/wp-json\/wp\/v2\/pages"}],"about":[{"href":"https:\/\/qovop-events.fr\/index.php\/wp-json\/wp\/v2\/types\/page"}],"author":[{"embeddable":true,"href":"https:\/\/qovop-events.fr\/index.php\/wp-json\/wp\/v2\/users\/1"}],"replies":[{"embeddable":true,"href":"https:\/\/qovop-events.fr\/index.php\/wp-json\/wp\/v2\/comments?post=133"}],"version-history":[{"count":1,"href":"https:\/\/qovop-events.fr\/index.php\/wp-json\/wp\/v2\/pages\/133\/revisions"}],"predecessor-version":[{"id":135,"href":"https:\/\/qovop-events.fr\/index.php\/wp-json\/wp\/v2\/pages\/133\/revisions\/135"}],"wp:attachment":[{"href":"https:\/\/qovop-events.fr\/index.php\/wp-json\/wp\/v2\/media?parent=133"}],"curies":[{"name":"wp","href":"https:\/\/api.w.org\/{rel}","templated":true}]}}