{"id":2,"date":"2024-05-28T19:23:31","date_gmt":"2024-05-28T17:23:31","guid":{"rendered":"http:\/\/qovop-events.fr\/?page_id=2"},"modified":"2026-02-19T16:14:58","modified_gmt":"2026-02-19T15:14:58","slug":"page-d-exemple","status":"publish","type":"page","link":"https:\/\/qovop-events.fr\/index.php\/page-d-exemple\/","title":{"rendered":"Nous contacter"},"content":{"rendered":"\n<p><br><mark style=\"background-color:rgba(0, 0, 0, 0);color:#fb1313\" class=\"has-inline-color\">Coordonn\u00e9es:<\/mark><br><br>T\u00e9l\u00e9phone:<strong>07.86.81.78.31<br><\/strong> Mail: <strong>agence.qovop@gmail.com<br><\/strong>Courrier :<strong>130 Bd Jean Jaures, 13300 Salon de Provence<\/strong><br><br><strong>Le Studio de Conception:<\/strong> 163 bis Avenue Paul Bourret, 13300 Salon de Provence (uniquement sur rendez-vous).<\/p>\n\n\n\n<figure class=\"wp-block-image alignfull size-large\"><img loading=\"lazy\" decoding=\"async\" width=\"1024\" height=\"576\" src=\"http:\/\/qovop-events.fr\/wp-content\/uploads\/2024\/05\/qovop-detoure-1024x576.png\" alt=\"\" class=\"wp-image-8\" srcset=\"https:\/\/qovop-events.fr\/wp-content\/uploads\/2024\/05\/qovop-detoure-1024x576.png 1024w, https:\/\/qovop-events.fr\/wp-content\/uploads\/2024\/05\/qovop-detoure-300x169.png 300w, https:\/\/qovop-events.fr\/wp-content\/uploads\/2024\/05\/qovop-detoure-768x432.png 768w, https:\/\/qovop-events.fr\/wp-content\/uploads\/2024\/05\/qovop-detoure-1536x864.png 1536w, https:\/\/qovop-events.fr\/wp-content\/uploads\/2024\/05\/qovop-detoure-2048x1152.png 2048w\" sizes=\"auto, (max-width: 1024px) 100vw, 1024px\" \/><\/figure>\n","protected":false},"excerpt":{"rendered":"<p>Coordonn\u00e9es: T\u00e9l\u00e9phone:07.86.81.78.31 Mail: agence.qovop@gmail.comCourrier :130 Bd Jean Jaures, 13300 Salon de Provence Le Studio de Conception: 163 bis Avenue Paul Bourret, 13300 Salon de Provence (uniquement sur rendez-vous).<\/p>\n","protected":false},"author":1,"featured_media":0,"parent":0,"menu_order":0,"comment_status":"closed","ping_status":"open","template":"","meta":{"footnotes":""},"class_list":["post-2","page","type-page","status-publish","hentry"],"_links":{"self":[{"href":"https:\/\/qovop-events.fr\/index.php\/wp-json\/wp\/v2\/pages\/2","targetHints":{"allow":["GET"]}}],"collection":[{"href":"https:\/\/qovop-events.fr\/index.php\/wp-json\/wp\/v2\/pages"}],"about":[{"href":"https:\/\/qovop-events.fr\/index.php\/wp-json\/wp\/v2\/types\/page"}],"author":[{"embeddable":true,"href":"https:\/\/qovop-events.fr\/index.php\/wp-json\/wp\/v2\/users\/1"}],"replies":[{"embeddable":true,"href":"https:\/\/qovop-events.fr\/index.php\/wp-json\/wp\/v2\/comments?post=2"}],"version-history":[{"count":7,"href":"https:\/\/qovop-events.fr\/index.php\/wp-json\/wp\/v2\/pages\/2\/revisions"}],"predecessor-version":[{"id":140,"href":"https:\/\/qovop-events.fr\/index.php\/wp-json\/wp\/v2\/pages\/2\/revisions\/140"}],"wp:attachment":[{"href":"https:\/\/qovop-events.fr\/index.php\/wp-json\/wp\/v2\/media?parent=2"}],"curies":[{"name":"wp","href":"https:\/\/api.w.org\/{rel}","templated":true}]}}